{"id":2197,"date":"2025-05-27T12:37:54","date_gmt":"2025-05-27T12:37:54","guid":{"rendered":"https:\/\/clinicadentalelcamison.com\/blog\/?page_id=2197"},"modified":"2025-07-01T09:13:16","modified_gmt":"2025-07-01T09:13:16","slug":"contacto","status":"publish","type":"page","link":"https:\/\/clinicadentalelcamison.com\/blog\/contacto\/","title":{"rendered":"Clinica Dental Playa de las Americas, Arona, Adeje, tenerife sur"},"content":{"rendered":"","protected":false},"excerpt":{"rendered":"","protected":false},"author":1,"featured_media":0,"parent":0,"menu_order":0,"comment_status":"closed","ping_status":"closed","template":"","meta":{"footnotes":""},"class_list":["post-2197","page","type-page","status-publish","hentry"],"yoast_head":"<!-- This site is optimized with the Yoast SEO plugin v27.4 - https:\/\/yoast.com\/product\/yoast-seo-wordpress\/ -->\n<title>Clinica Dental Playa de las Americas, Arona, Adeje, tenerife sur - Cl\u00ednica Dental Arona<\/title>\n<meta name=\"description\" content=\"Clinica Dental Playa de las Americas\" \/>\n<meta name=\"robots\" content=\"index, follow, max-snippet:-1, max-image-preview:large, max-video-preview:-1\" \/>\n<link rel=\"canonical\" href=\"https:\/\/clinicadentalelcamison.com\/blog\/contacto\/\" \/>\n<meta property=\"og:locale\" content=\"es_ES\" \/>\n<meta property=\"og:type\" content=\"article\" \/>\n<meta property=\"og:title\" content=\"Clinica Dental Playa de las Americas, Arona, Adeje, tenerife sur - Cl\u00ednica Dental Arona\" \/>\n<meta property=\"og:description\" content=\"Clinica Dental Playa de las Americas\" \/>\n<meta property=\"og:url\" content=\"https:\/\/clinicadentalelcamison.com\/blog\/contacto\/\" \/>\n<meta property=\"og:site_name\" content=\"Cl\u00ednica Dental Arona\" \/>\n<meta property=\"article:modified_time\" content=\"2025-07-01T09:13:16+00:00\" \/>\n<meta name=\"twitter:label1\" content=\"Tiempo de lectura\" \/>\n\t<meta name=\"twitter:data1\" content=\"1 minuto\" \/>\n<script type=\"application\/ld+json\" class=\"yoast-schema-graph\">{\"@context\":\"https:\\\/\\\/schema.org\",\"@graph\":[{\"@type\":\"WebPage\",\"@id\":\"https:\\\/\\\/clinicadentalelcamison.com\\\/blog\\\/contacto\\\/\",\"url\":\"https:\\\/\\\/clinicadentalelcamison.com\\\/blog\\\/contacto\\\/\",\"name\":\"Clinica Dental Playa de las Americas, Arona, Adeje, tenerife sur - Cl\u00ednica Dental Arona\",\"isPartOf\":{\"@id\":\"https:\\\/\\\/clinicadentalelcamison.com\\\/blog\\\/#website\"},\"datePublished\":\"2025-05-27T12:37:54+00:00\",\"dateModified\":\"2025-07-01T09:13:16+00:00\",\"description\":\"Clinica Dental Playa de las Americas\",\"breadcrumb\":{\"@id\":\"https:\\\/\\\/clinicadentalelcamison.com\\\/blog\\\/contacto\\\/#breadcrumb\"},\"inLanguage\":\"es\",\"potentialAction\":[{\"@type\":\"ReadAction\",\"target\":[\"https:\\\/\\\/clinicadentalelcamison.com\\\/blog\\\/contacto\\\/\"]}]},{\"@type\":\"BreadcrumbList\",\"@id\":\"https:\\\/\\\/clinicadentalelcamison.com\\\/blog\\\/contacto\\\/#breadcrumb\",\"itemListElement\":[{\"@type\":\"ListItem\",\"position\":1,\"name\":\"Portada\",\"item\":\"https:\\\/\\\/clinicadentalelcamison.com\\\/blog\\\/\"},{\"@type\":\"ListItem\",\"position\":2,\"name\":\"Clinica Dental Playa de las Americas, Arona, Adeje, tenerife sur\"}]},{\"@type\":\"WebSite\",\"@id\":\"https:\\\/\\\/clinicadentalelcamison.com\\\/blog\\\/#website\",\"url\":\"https:\\\/\\\/clinicadentalelcamison.com\\\/blog\\\/\",\"name\":\"Cl\u00ednica Dental Arona\",\"description\":\"Centro de Ontolog\u00eda microscopica, Dentista en Arona, Cl\u00ednica dental en Arona, Dentista Playa de Las Am\u00e9ricas, Cl\u00ednica dental en Playa de Las Am\u00e9ricas,\",\"potentialAction\":[{\"@type\":\"SearchAction\",\"target\":{\"@type\":\"EntryPoint\",\"urlTemplate\":\"https:\\\/\\\/clinicadentalelcamison.com\\\/blog\\\/?s={search_term_string}\"},\"query-input\":{\"@type\":\"PropertyValueSpecification\",\"valueRequired\":true,\"valueName\":\"search_term_string\"}}],\"inLanguage\":\"es\"}]}<\/script>\n<!-- \/ Yoast SEO plugin. -->","yoast_head_json":{"title":"Clinica Dental Playa de las Americas, Arona, Adeje, tenerife sur - Cl\u00ednica Dental Arona","description":"Clinica Dental Playa de las Americas","robots":{"index":"index","follow":"follow","max-snippet":"max-snippet:-1","max-image-preview":"max-image-preview:large","max-video-preview":"max-video-preview:-1"},"canonical":"https:\/\/clinicadentalelcamison.com\/blog\/contacto\/","og_locale":"es_ES","og_type":"article","og_title":"Clinica Dental Playa de las Americas, Arona, Adeje, tenerife sur - Cl\u00ednica Dental Arona","og_description":"Clinica Dental Playa de las Americas","og_url":"https:\/\/clinicadentalelcamison.com\/blog\/contacto\/","og_site_name":"Cl\u00ednica Dental Arona","article_modified_time":"2025-07-01T09:13:16+00:00","twitter_misc":{"Tiempo de lectura":"1 minuto"},"schema":{"@context":"https:\/\/schema.org","@graph":[{"@type":"WebPage","@id":"https:\/\/clinicadentalelcamison.com\/blog\/contacto\/","url":"https:\/\/clinicadentalelcamison.com\/blog\/contacto\/","name":"Clinica Dental Playa de las Americas, Arona, Adeje, tenerife sur - Cl\u00ednica Dental Arona","isPartOf":{"@id":"https:\/\/clinicadentalelcamison.com\/blog\/#website"},"datePublished":"2025-05-27T12:37:54+00:00","dateModified":"2025-07-01T09:13:16+00:00","description":"Clinica Dental Playa de las Americas","breadcrumb":{"@id":"https:\/\/clinicadentalelcamison.com\/blog\/contacto\/#breadcrumb"},"inLanguage":"es","potentialAction":[{"@type":"ReadAction","target":["https:\/\/clinicadentalelcamison.com\/blog\/contacto\/"]}]},{"@type":"BreadcrumbList","@id":"https:\/\/clinicadentalelcamison.com\/blog\/contacto\/#breadcrumb","itemListElement":[{"@type":"ListItem","position":1,"name":"Portada","item":"https:\/\/clinicadentalelcamison.com\/blog\/"},{"@type":"ListItem","position":2,"name":"Clinica Dental Playa de las Americas, Arona, Adeje, tenerife sur"}]},{"@type":"WebSite","@id":"https:\/\/clinicadentalelcamison.com\/blog\/#website","url":"https:\/\/clinicadentalelcamison.com\/blog\/","name":"Cl\u00ednica Dental Arona","description":"Centro de Ontolog\u00eda microscopica, Dentista en Arona, Cl\u00ednica dental en Arona, Dentista Playa de Las Am\u00e9ricas, Cl\u00ednica dental en Playa de Las Am\u00e9ricas,","potentialAction":[{"@type":"SearchAction","target":{"@type":"EntryPoint","urlTemplate":"https:\/\/clinicadentalelcamison.com\/blog\/?s={search_term_string}"},"query-input":{"@type":"PropertyValueSpecification","valueRequired":true,"valueName":"search_term_string"}}],"inLanguage":"es"}]}},"_links":{"self":[{"href":"https:\/\/clinicadentalelcamison.com\/blog\/wp-json\/wp\/v2\/pages\/2197","targetHints":{"allow":["GET"]}}],"collection":[{"href":"https:\/\/clinicadentalelcamison.com\/blog\/wp-json\/wp\/v2\/pages"}],"about":[{"href":"https:\/\/clinicadentalelcamison.com\/blog\/wp-json\/wp\/v2\/types\/page"}],"author":[{"embeddable":true,"href":"https:\/\/clinicadentalelcamison.com\/blog\/wp-json\/wp\/v2\/users\/1"}],"replies":[{"embeddable":true,"href":"https:\/\/clinicadentalelcamison.com\/blog\/wp-json\/wp\/v2\/comments?post=2197"}],"version-history":[{"count":1,"href":"https:\/\/clinicadentalelcamison.com\/blog\/wp-json\/wp\/v2\/pages\/2197\/revisions"}],"predecessor-version":[{"id":2528,"href":"https:\/\/clinicadentalelcamison.com\/blog\/wp-json\/wp\/v2\/pages\/2197\/revisions\/2528"}],"wp:attachment":[{"href":"https:\/\/clinicadentalelcamison.com\/blog\/wp-json\/wp\/v2\/media?parent=2197"}],"curies":[{"name":"wp","href":"https:\/\/api.w.org\/{rel}","templated":true}]}}